{"id":13,"date":"2023-08-07T11:43:54","date_gmt":"2023-08-07T14:43:54","guid":{"rendered":"http:\/\/pgdbr.ibict.br\/?page_id=13"},"modified":"2023-08-07T12:06:15","modified_gmt":"2023-08-07T15:06:15","slug":"sobre","status":"publish","type":"page","link":"https:\/\/pgdbr.ibict.br\/?page_id=13","title":{"rendered":"Sobre"},"content":{"rendered":"\n<p>Aqui voc\u00ea encontra uma breve explica\u00e7\u00e3o sobre o PGDBR, al\u00e9m de ter uma introdu\u00e7\u00e3o de como funciona a ferramenta<\/p>\n\n\n\n<h1 class=\"wp-block-heading\">O que \u00e9 o PGD-BR?<\/h1>\n\n\n\n<p><br>O PGD-BR \u00e9 uma ferramenta de c\u00f3digo aberto online gratuita que auxilia os pesquisadores(as) brasileiros(as) a criarem seus Planos de Gest\u00e3o de Dados (PGD). Esses PGDs t\u00eam sido exigidos por ag\u00eancias de fomento como parte do processo de submiss\u00e3o de propostas financiamento cient\u00edfico. O PGD-BR fornece um processo guiado de cria\u00e7\u00e3o de PGD que geralmente atende aos requisitos das ag\u00eancias de fomento parceiras. O PGD-BR tamb\u00e9m possui links diretos para sites de ag\u00eancias de fomento, textos de ajuda para responder perguntas e informa\u00e7\u00f5es sobre melhores pr\u00e1ticas no processo de gest\u00e3o de dados cient\u00edficos.<\/p>\n\n\n\n<h1 class=\"wp-block-heading\"><br>PGD-BR Background<\/h1>\n\n\n\n<p><br>O PGD-BR \u00e9 baseado no software: PGD-BR. O PGD-BR original \u00e9 uma iniciativa fruto de muito esfor\u00e7o, iniciado em 2011 com oito institui\u00e7\u00f5es em parceria para fornecer contribui\u00e7\u00f5es relacionadas \u00e0 colaboradores e desenvolvimento. O esfor\u00e7o foi uma resposta direta \u00e0s demandas que passaram a ser exigidas pelas ag\u00eancias de fomento, tais como a National Science Foundation (NSF) e o National Institutes of Health (NIH), de que os pesquisadores planejem e gerenciem seus dados cient\u00edficos. Como resultado, as institui\u00e7\u00f5es colaboradoras ao unirem suas for\u00e7as, consolidaram a experi\u00eancia e reduziram os custos para atender \u00e0s necessidades de gest\u00e3o de dados iniciadas desde ent\u00e3o.<br><br>As institui\u00e7\u00f5es colaboradoras originais foram: University of California Curation Center (UC3) em California Digital Library, DataONE, Digital Curation Centre (DCC-UK), Instituto Smithsonian, University of California, Los Angeles Library, University of California, San Diego Libraries, University of Illinois, Urbana-Champaign Library, e o University of Virginia Library. Dado o sucesso da primeira vers\u00e3o do PGD-BR, os s\u00f3cios fundadores obtiveram financiamento da Funda\u00e7\u00e3o Alfred P. Sloan para criar uma segunda vers\u00e3o da ferramenta, lan\u00e7ada em 2014.<br><br>A prolifera\u00e7\u00e3o de pol\u00edticas de dados abertos em todo o mundo levou a uma explos\u00e3o de interesse pelo PGD-BR e pela vers\u00e3o do Reino Unido, DMPonline. Assim, em 2016, UC3 e DCC decidiram formalizar essa parceria para desenvolver e manter uma \u00fanica plataforma de c\u00f3digo aberto. Ao fornecer uma infraestrutura central para PGDs, \u00e9 poss\u00edvel ampliar o alcance e avan\u00e7ar em melhores pr\u00e1ticas, permitindo que os participantes estejam inseridos em um ecossistema de ci\u00eancia aberta verdadeiramente global.<br><br>O PGD-BR continua sendo uma ferramenta de suporte \u00e0 comunidade. As ferramentas Conselho Editorial fornecem lideran\u00e7a e experi\u00eancia para garantir que o cumprimento dos requisitos das ag\u00eancias de fomento e as melhores pr\u00e1ticas correspondentes permane\u00e7am atualizados. Nosso Conselho inclui representantes especialistas das \u00e1reas do conhecimento que fazem parte de uma ampla gama de institui\u00e7\u00f5es comprometidas em apoiar a gest\u00e3o eficaz de dados de pesquisa.<\/p>\n\n\n\n<h1 class=\"wp-block-heading\"><br>PGDs em rede<\/h1>\n\n\n\n<p><br>Desenvolvimentos recentes de recursos do PGD-BR se concentraram em transformar o PGD de um arquivo de texto est\u00e1tico para um hub de informa\u00e7\u00f5es interoper\u00e1veis e em rede, denominado maDMP (Plano de Gest\u00e3o de Dados Acion\u00e1vel por M\u00e1quinas), onde detalhes sobre um projeto de pesquisa podem ser atualizados e consultados durante o tempo de vida do projeto. Esta nova PGD em rede permite que as informa\u00e7\u00f5es dentro de um PGD sejam parametrizadas e alimentadas entre os agentes envolvidos, vinculando metadados, reposit\u00f3rios e institui\u00e7\u00f5es cient\u00edficas, permitindo notifica\u00e7\u00f5es, verifica\u00e7\u00f5es e relat\u00f3rios em tempo real. Um dos principais objetivos deste novo sistema \u00e9 reduzir a carga de trabalho burocr\u00e1tico sobre os pesquisadores, gerando atualiza\u00e7\u00f5es automatizadas para um plano e facilitando a integra\u00e7\u00e3o perfeita com sistemas e grupos que apoiam e atuam no ecossistema cient\u00edfico.<br><br>Integra\u00e7\u00f5es que utilizam este novo sistema s\u00e3o bem vindas. O API PGD-BR est\u00e1 em conformidade com a RDA Common Standard Metadata schema v1.0, que \u00e9 recomendado para transferir metadados do PGD entre sistemas. Se voc\u00ea tem um projeto de integra\u00e7\u00e3o, por favor Contate-nos.<\/p>\n\n\n\n<h1 class=\"wp-block-heading\"><br>Como participar do PGD-BR<\/h1>\n\n\n\n<p><br>Participantes do PGD-BR s\u00e3o institui\u00e7\u00f5es, organiza\u00e7\u00f5es com ou sem fins lucrativos, indiv\u00edduos ou outros grupos que utilizam o PGD-BR como uma maneira eficaz e eficiente de criar PGDs. Nossa comunidade de institui\u00e7\u00f5es participantes ajuda a sustentar e apoiar o PGD-BR das seguintes maneiras:<br><br>Estabelecer autentica\u00e7\u00e3o institucional com o PGD-BR (Shibboleth)<br>Personalizar a ferramenta com recursos, texto de ajuda, respostas sugeridas ou outras informa\u00e7\u00f5es<br>Contribuir para a manuten\u00e7\u00e3o e aprimoramento do c\u00f3digo fonte do PGD-BR<br>Ajude a garantir que o PGD-BR mantenha sua relev\u00e2ncia e utilidade notificando o PGD-BR Helpdesk quando:<br>As ag\u00eancias de fomento liberam novos requisitos que n\u00e3o aparecem na ferramenta<br>Descoberta de erros, enganos ou informa\u00e7\u00f5es distorcidas na ferramenta<br>A funcionalidade da ferramenta est\u00e1 comprometida (ou seja, tempos de resposta lentos, baixo desempenho ou bugs de software)<\/p>\n\n\n\n<h1 class=\"wp-block-heading\"><br>Princ\u00edpios da ferramenta PGD-BR<\/h1>\n\n\n\n<p><\/p>\n\n\n\n<p>Os princ\u00edpios a seguir orientam nosso trabalho no PGD-BR. As organiza\u00e7\u00f5es que participam ativamente da comunidade PGD-BR concordam em cumprir esses princ\u00edpios.<\/p>\n\n\n\n<p>Melhoria cont\u00ednua da utilidade e dos recursos do PGD-BR<\/p>\n\n\n\n<p><\/p>\n\n\n\n<ul class=\"wp-block-list\">\n<li>Requisitos e prioridades de desenvolvimento orientados ao usu\u00e1rio<\/li>\n\n\n\n<li>Entusiasmo pelo PGD-BR<\/li>\n\n\n\n<li>Compromisso com um processo aberto para desenvolvimento, aprimoramento e melhoria (consulte Princ\u00edpios de Panton)<\/li>\n\n\n\n<li>Qualidade do c\u00f3digo e materiais criados (Diretrizes do colaborador)<\/li>\n<\/ul>\n","protected":false},"excerpt":{"rendered":"<p>Aqui voc\u00ea encontra uma breve explica\u00e7\u00e3o sobre o PGDBR, al\u00e9m de ter uma introdu\u00e7\u00e3o de como funciona a ferramenta O que \u00e9 o PGD-BR? O PGD-BR \u00e9 uma ferramenta de c\u00f3digo aberto online gratuita que auxilia os pesquisadores(as) brasileiros(as) a criarem seus Planos de Gest\u00e3o de Dados (PGD). Esses PGDs t\u00eam sido exigidos por ag\u00eancias [&hellip;]<\/p>\n","protected":false},"author":1,"featured_media":0,"parent":0,"menu_order":0,"comment_status":"closed","ping_status":"closed","template":"","meta":{"footnotes":""},"class_list":["post-13","page","type-page","status-publish","hentry"],"_links":{"self":[{"href":"https:\/\/pgdbr.ibict.br\/index.php?rest_route=\/wp\/v2\/pages\/13","targetHints":{"allow":["GET"]}}],"collection":[{"href":"https:\/\/pgdbr.ibict.br\/index.php?rest_route=\/wp\/v2\/pages"}],"about":[{"href":"https:\/\/pgdbr.ibict.br\/index.php?rest_route=\/wp\/v2\/types\/page"}],"author":[{"embeddable":true,"href":"https:\/\/pgdbr.ibict.br\/index.php?rest_route=\/wp\/v2\/users\/1"}],"replies":[{"embeddable":true,"href":"https:\/\/pgdbr.ibict.br\/index.php?rest_route=%2Fwp%2Fv2%2Fcomments&post=13"}],"version-history":[{"count":5,"href":"https:\/\/pgdbr.ibict.br\/index.php?rest_route=\/wp\/v2\/pages\/13\/revisions"}],"predecessor-version":[{"id":31,"href":"https:\/\/pgdbr.ibict.br\/index.php?rest_route=\/wp\/v2\/pages\/13\/revisions\/31"}],"wp:attachment":[{"href":"https:\/\/pgdbr.ibict.br\/index.php?rest_route=%2Fwp%2Fv2%2Fmedia&parent=13"}],"curies":[{"name":"wp","href":"https:\/\/api.w.org\/{rel}","templated":true}]}}