{"id":142,"date":"2024-10-01T21:22:42","date_gmt":"2024-10-02T00:22:42","guid":{"rendered":"https:\/\/pgdbr.ibict.br\/?page_id=142"},"modified":"2024-10-01T21:43:34","modified_gmt":"2024-10-02T00:43:34","slug":"tutorial-2","status":"publish","type":"page","link":"https:\/\/pgdbr.ibict.br\/?page_id=142","title":{"rendered":"Tutorial"},"content":{"rendered":"\n<div class=\"wp-block-group is-nowrap is-layout-flex wp-container-core-group-is-layout-ad2f72ca wp-block-group-is-layout-flex\">\n<div class=\"wp-block-columns is-layout-flex wp-container-core-columns-is-layout-9d6595d7 wp-block-columns-is-layout-flex\">\n<div class=\"wp-block-column is-layout-flow wp-block-column-is-layout-flow\">\n<figure class=\"wp-block-image size-full is-resized\"><img loading=\"lazy\" decoding=\"async\" width=\"881\" height=\"538\" src=\"http:\/\/pgdbr.ibict.br\/wp-content\/uploads\/2024\/10\/8.png\" alt=\"\" class=\"wp-image-163\" style=\"width:1072px;height:auto\" srcset=\"https:\/\/pgdbr.ibict.br\/wp-content\/uploads\/2024\/10\/8.png 881w, https:\/\/pgdbr.ibict.br\/wp-content\/uploads\/2024\/10\/8-300x183.png 300w, https:\/\/pgdbr.ibict.br\/wp-content\/uploads\/2024\/10\/8-768x469.png 768w\" sizes=\"auto, (max-width: 881px) 100vw, 881px\" \/><\/figure>\n<\/div>\n\n\n\n<div class=\"wp-block-column is-layout-flow wp-block-column-is-layout-flow\"><\/div>\n<\/div>\n<\/div>\n\n\n\n<p>Agora que voc\u00ea acessou a p\u00e1gina do PGD, estamos aqui para te ajudar a come\u00e7ar! Primeiro de tudo, vamos criar um projeto! Para criar um projeto \u00e9 bem simples, inicie clicando no bot\u00e3o &#8220;Criar PGD&#8221;, fazendo isso, voc\u00ea ser\u00e1 direcionado a uma nova p\u00e1gina com algumas informa\u00e7\u00f5es a serem preenchidas para dar andamento a sua estrutura\u00e7\u00e3o de projeto! Os passos podem parecer muitos mas garantir\u00e3o que voc\u00ea ter\u00e1 um projeto rico em informa\u00e7\u00f5es e bem estruturados, vamos ao passo a passo com imagens para que voc\u00ea possa se situar e assim, j\u00e1 se familiarizar com as ferramentas disponibilizadas no site e n\u00e3o ter nenhuma d\u00favida quanto ao processo. <\/p>\n\n\n\n<figure class=\"wp-block-image size-full\"><img loading=\"lazy\" decoding=\"async\" width=\"633\" height=\"304\" src=\"http:\/\/pgdbr.ibict.br\/wp-content\/uploads\/2024\/10\/1-2.png\" alt=\"\" class=\"wp-image-155\" srcset=\"https:\/\/pgdbr.ibict.br\/wp-content\/uploads\/2024\/10\/1-2.png 633w, https:\/\/pgdbr.ibict.br\/wp-content\/uploads\/2024\/10\/1-2-300x144.png 300w\" sizes=\"auto, (max-width: 633px) 100vw, 633px\" \/><\/figure>\n\n\n\n<figure class=\"wp-block-image size-full\"><img loading=\"lazy\" decoding=\"async\" width=\"634\" height=\"291\" src=\"http:\/\/pgdbr.ibict.br\/wp-content\/uploads\/2024\/10\/2-1.png\" alt=\"\" class=\"wp-image-156\" srcset=\"https:\/\/pgdbr.ibict.br\/wp-content\/uploads\/2024\/10\/2-1.png 634w, https:\/\/pgdbr.ibict.br\/wp-content\/uploads\/2024\/10\/2-1-300x138.png 300w\" sizes=\"auto, (max-width: 634px) 100vw, 634px\" \/><\/figure>\n\n\n\n<figure class=\"wp-block-image size-full\"><img loading=\"lazy\" decoding=\"async\" width=\"689\" height=\"444\" src=\"http:\/\/pgdbr.ibict.br\/wp-content\/uploads\/2024\/10\/3-1.png\" alt=\"\" class=\"wp-image-157\" srcset=\"https:\/\/pgdbr.ibict.br\/wp-content\/uploads\/2024\/10\/3-1.png 689w, https:\/\/pgdbr.ibict.br\/wp-content\/uploads\/2024\/10\/3-1-300x193.png 300w\" sizes=\"auto, (max-width: 689px) 100vw, 689px\" \/><\/figure>\n\n\n\n<figure class=\"wp-block-image size-full\"><img loading=\"lazy\" decoding=\"async\" width=\"871\" height=\"400\" src=\"http:\/\/pgdbr.ibict.br\/wp-content\/uploads\/2024\/10\/4-1.png\" alt=\"\" class=\"wp-image-158\" srcset=\"https:\/\/pgdbr.ibict.br\/wp-content\/uploads\/2024\/10\/4-1.png 871w, https:\/\/pgdbr.ibict.br\/wp-content\/uploads\/2024\/10\/4-1-300x138.png 300w, https:\/\/pgdbr.ibict.br\/wp-content\/uploads\/2024\/10\/4-1-768x353.png 768w\" sizes=\"auto, (max-width: 871px) 100vw, 871px\" \/><\/figure>\n\n\n\n<figure class=\"wp-block-image size-full\"><img loading=\"lazy\" decoding=\"async\" width=\"1024\" height=\"252\" src=\"http:\/\/pgdbr.ibict.br\/wp-content\/uploads\/2024\/10\/5-1.png\" alt=\"\" class=\"wp-image-159\" srcset=\"https:\/\/pgdbr.ibict.br\/wp-content\/uploads\/2024\/10\/5-1.png 1024w, https:\/\/pgdbr.ibict.br\/wp-content\/uploads\/2024\/10\/5-1-300x74.png 300w, https:\/\/pgdbr.ibict.br\/wp-content\/uploads\/2024\/10\/5-1-768x189.png 768w\" sizes=\"auto, (max-width: 1024px) 100vw, 1024px\" \/><\/figure>\n\n\n\n<figure class=\"wp-block-image size-full\"><img loading=\"lazy\" decoding=\"async\" width=\"821\" height=\"445\" src=\"http:\/\/pgdbr.ibict.br\/wp-content\/uploads\/2024\/10\/6-1.png\" alt=\"\" class=\"wp-image-160\" srcset=\"https:\/\/pgdbr.ibict.br\/wp-content\/uploads\/2024\/10\/6-1.png 821w, https:\/\/pgdbr.ibict.br\/wp-content\/uploads\/2024\/10\/6-1-300x163.png 300w, https:\/\/pgdbr.ibict.br\/wp-content\/uploads\/2024\/10\/6-1-768x416.png 768w\" sizes=\"auto, (max-width: 821px) 100vw, 821px\" \/><\/figure>\n\n\n\n<figure class=\"wp-block-image size-full\"><img loading=\"lazy\" decoding=\"async\" width=\"990\" height=\"469\" src=\"http:\/\/pgdbr.ibict.br\/wp-content\/uploads\/2024\/10\/7-1.png\" alt=\"\" class=\"wp-image-162\" srcset=\"https:\/\/pgdbr.ibict.br\/wp-content\/uploads\/2024\/10\/7-1.png 990w, https:\/\/pgdbr.ibict.br\/wp-content\/uploads\/2024\/10\/7-1-300x142.png 300w, https:\/\/pgdbr.ibict.br\/wp-content\/uploads\/2024\/10\/7-1-768x364.png 768w\" sizes=\"auto, (max-width: 990px) 100vw, 990px\" \/><\/figure>\n\n\n","protected":false},"excerpt":{"rendered":"<p>Agora que voc\u00ea acessou a p\u00e1gina do PGD, estamos aqui para te ajudar a come\u00e7ar! Primeiro de tudo, vamos criar um projeto! Para criar um projeto \u00e9 bem simples, inicie clicando no bot\u00e3o &#8220;Criar PGD&#8221;, fazendo isso, voc\u00ea ser\u00e1 direcionado a uma nova p\u00e1gina com algumas informa\u00e7\u00f5es a serem preenchidas para dar andamento a sua [&hellip;]<\/p>\n","protected":false},"author":2,"featured_media":0,"parent":0,"menu_order":0,"comment_status":"closed","ping_status":"closed","template":"","meta":{"footnotes":""},"class_list":["post-142","page","type-page","status-publish","hentry"],"_links":{"self":[{"href":"https:\/\/pgdbr.ibict.br\/index.php?rest_route=\/wp\/v2\/pages\/142","targetHints":{"allow":["GET"]}}],"collection":[{"href":"https:\/\/pgdbr.ibict.br\/index.php?rest_route=\/wp\/v2\/pages"}],"about":[{"href":"https:\/\/pgdbr.ibict.br\/index.php?rest_route=\/wp\/v2\/types\/page"}],"author":[{"embeddable":true,"href":"https:\/\/pgdbr.ibict.br\/index.php?rest_route=\/wp\/v2\/users\/2"}],"replies":[{"embeddable":true,"href":"https:\/\/pgdbr.ibict.br\/index.php?rest_route=%2Fwp%2Fv2%2Fcomments&post=142"}],"version-history":[{"count":4,"href":"https:\/\/pgdbr.ibict.br\/index.php?rest_route=\/wp\/v2\/pages\/142\/revisions"}],"predecessor-version":[{"id":166,"href":"https:\/\/pgdbr.ibict.br\/index.php?rest_route=\/wp\/v2\/pages\/142\/revisions\/166"}],"wp:attachment":[{"href":"https:\/\/pgdbr.ibict.br\/index.php?rest_route=%2Fwp%2Fv2%2Fmedia&parent=142"}],"curies":[{"name":"wp","href":"https:\/\/api.w.org\/{rel}","templated":true}]}}