{"id":15,"date":"2023-08-07T11:44:02","date_gmt":"2023-08-07T14:44:02","guid":{"rendered":"http:\/\/pgdbr.ibict.br\/?page_id=15"},"modified":"2023-08-18T13:48:21","modified_gmt":"2023-08-18T16:48:21","slug":"equipe","status":"publish","type":"page","link":"https:\/\/pgdbr.ibict.br\/?page_id=15","title":{"rendered":"Equipe"},"content":{"rendered":"\n<p>Conhe\u00e7a os Integrantes, saiba quem contribuiu para que o PGD-BR fosse poss\u00edvel e conhe\u00e7a um pouco mais de cada um.<\/p>\n","protected":false},"excerpt":{"rendered":"<p>Conhe\u00e7a os Integrantes, saiba quem contribuiu para que o PGD-BR fosse poss\u00edvel e conhe\u00e7a um pouco mais de cada um.<\/p>\n","protected":false},"author":1,"featured_media":0,"parent":0,"menu_order":0,"comment_status":"closed","ping_status":"closed","template":"","meta":{"footnotes":""},"class_list":["post-15","page","type-page","status-publish","hentry"],"_links":{"self":[{"href":"https:\/\/pgdbr.ibict.br\/index.php?rest_route=\/wp\/v2\/pages\/15","targetHints":{"allow":["GET"]}}],"collection":[{"href":"https:\/\/pgdbr.ibict.br\/index.php?rest_route=\/wp\/v2\/pages"}],"about":[{"href":"https:\/\/pgdbr.ibict.br\/index.php?rest_route=\/wp\/v2\/types\/page"}],"author":[{"embeddable":true,"href":"https:\/\/pgdbr.ibict.br\/index.php?rest_route=\/wp\/v2\/users\/1"}],"replies":[{"embeddable":true,"href":"https:\/\/pgdbr.ibict.br\/index.php?rest_route=%2Fwp%2Fv2%2Fcomments&post=15"}],"version-history":[{"count":4,"href":"https:\/\/pgdbr.ibict.br\/index.php?rest_route=\/wp\/v2\/pages\/15\/revisions"}],"predecessor-version":[{"id":107,"href":"https:\/\/pgdbr.ibict.br\/index.php?rest_route=\/wp\/v2\/pages\/15\/revisions\/107"}],"wp:attachment":[{"href":"https:\/\/pgdbr.ibict.br\/index.php?rest_route=%2Fwp%2Fv2%2Fmedia&parent=15"}],"curies":[{"name":"wp","href":"https:\/\/api.w.org\/{rel}","templated":true}]}}