{"id":17,"date":"2023-08-07T11:44:15","date_gmt":"2023-08-07T14:44:15","guid":{"rendered":"http:\/\/pgdbr.ibict.br\/?page_id=17"},"modified":"2023-08-07T18:16:16","modified_gmt":"2023-08-07T21:16:16","slug":"contate-nos","status":"publish","type":"page","link":"https:\/\/pgdbr.ibict.br\/?page_id=17","title":{"rendered":"Contate-nos"},"content":{"rendered":"\n<p>PGD-BR \u00e9 fornecido pelo Instituto Brasileiro de Informa\u00e7\u00e3o em Ci\u00eancia e Tecnologia.Voc\u00ea pode descobrir mais sobre n\u00f3s em nosso site. Se voc\u00ea quiser entrar em contato conosco sobre o PGD-BR, preencha o formul\u00e1rio abaixo.<\/p>\n","protected":false},"excerpt":{"rendered":"<p>PGD-BR \u00e9 fornecido pelo Instituto Brasileiro de Informa\u00e7\u00e3o em Ci\u00eancia e Tecnologia.Voc\u00ea pode descobrir mais sobre n\u00f3s em nosso site. Se voc\u00ea quiser entrar em contato conosco sobre o PGD-BR, preencha o formul\u00e1rio abaixo.<\/p>\n","protected":false},"author":1,"featured_media":0,"parent":0,"menu_order":0,"comment_status":"closed","ping_status":"closed","template":"","meta":{"footnotes":""},"class_list":["post-17","page","type-page","status-publish","hentry"],"_links":{"self":[{"href":"https:\/\/pgdbr.ibict.br\/index.php?rest_route=\/wp\/v2\/pages\/17","targetHints":{"allow":["GET"]}}],"collection":[{"href":"https:\/\/pgdbr.ibict.br\/index.php?rest_route=\/wp\/v2\/pages"}],"about":[{"href":"https:\/\/pgdbr.ibict.br\/index.php?rest_route=\/wp\/v2\/types\/page"}],"author":[{"embeddable":true,"href":"https:\/\/pgdbr.ibict.br\/index.php?rest_route=\/wp\/v2\/users\/1"}],"replies":[{"embeddable":true,"href":"https:\/\/pgdbr.ibict.br\/index.php?rest_route=%2Fwp%2Fv2%2Fcomments&post=17"}],"version-history":[{"count":6,"href":"https:\/\/pgdbr.ibict.br\/index.php?rest_route=\/wp\/v2\/pages\/17\/revisions"}],"predecessor-version":[{"id":47,"href":"https:\/\/pgdbr.ibict.br\/index.php?rest_route=\/wp\/v2\/pages\/17\/revisions\/47"}],"wp:attachment":[{"href":"https:\/\/pgdbr.ibict.br\/index.php?rest_route=%2Fwp%2Fv2%2Fmedia&parent=17"}],"curies":[{"name":"wp","href":"https:\/\/api.w.org\/{rel}","templated":true}]}}